{"id":29,"date":"2022-12-16T02:16:35","date_gmt":"2022-12-16T01:16:35","guid":{"rendered":"https:\/\/crossfitlabattoir.fr\/?page_id=29"},"modified":"2023-04-20T02:43:31","modified_gmt":"2023-04-20T00:43:31","slug":"nous-contacter-2","status":"publish","type":"page","link":"https:\/\/crossfitlabattoir.fr\/index.php\/nous-contacter-2\/","title":{"rendered":"Nous contacter"},"content":{"rendered":"\n<p>650m2 int\u00e9rieur et 2300m2 d&#8217;ext\u00e9rieur Box affil\u00e9e \ud83d\udcaf% CrossFit Coach dipl\u00f4m\u00e9s d&#8217;\u00e9tat et de CrossFit<\/p>\n\n\n\n<p>Horaires d&#8217;ouverture :&nbsp;<\/p>\n\n\n\n<p>Lundi au Vendredi : 09:00 \u2013 21:00<\/p>\n\n\n\n<p>Samedi 09:00 \u2013 13:00 &#8211; Dimanche 09:00 \u2013 12:00<\/p>\n\n\n\n<hr class=\"wp-block-separator has-alpha-channel-opacity\"\/>\n\n\n\n<p>email : <a href=\"mailto:crossfitlabattoir@gmail.com\">crossfitlabattoir@gmail.com<\/a><\/p>\n\n\n\n<p>Adresse : 48 rue Roberval 26000 Valence<\/p>\n\n\n\n<p>Mobile : 06 20 19 33 13 <a href=\"tel:+33620193313\"> Appeler le CrossFit L&#8217;Abattoir <\/a><\/p>\n\n\n\n<pre class=\"wp-block-preformatted\">&nbsp;<\/pre>\n","protected":false},"excerpt":{"rendered":"<p>650m2 int\u00e9rieur et 2300m2 d&#8217;ext\u00e9rieur Box affil\u00e9e \ud83d\udcaf% CrossFit Coach dipl\u00f4m\u00e9s d&#8217;\u00e9tat et de CrossFit Horaires d&#8217;ouverture :&nbsp; Lundi au Vendredi : 09:00 \u2013 21:00 Samedi 09:00 \u2013 13:00 &#8211; Dimanche 09:00 \u2013 12:00 email : crossfitlabattoir@gmail.com Adresse : 48 rue Roberval 26000 Valence Mobile : 06 20 19 33 13 Appeler le CrossFit L&#8217;Abattoir [&hellip;]<\/p>\n","protected":false},"author":1,"featured_media":0,"parent":0,"menu_order":0,"comment_status":"closed","ping_status":"closed","template":"","meta":{"footnotes":""},"class_list":["post-29","page","type-page","status-publish","hentry"],"_links":{"self":[{"href":"https:\/\/crossfitlabattoir.fr\/index.php\/wp-json\/wp\/v2\/pages\/29","targetHints":{"allow":["GET"]}}],"collection":[{"href":"https:\/\/crossfitlabattoir.fr\/index.php\/wp-json\/wp\/v2\/pages"}],"about":[{"href":"https:\/\/crossfitlabattoir.fr\/index.php\/wp-json\/wp\/v2\/types\/page"}],"author":[{"embeddable":true,"href":"https:\/\/crossfitlabattoir.fr\/index.php\/wp-json\/wp\/v2\/users\/1"}],"replies":[{"embeddable":true,"href":"https:\/\/crossfitlabattoir.fr\/index.php\/wp-json\/wp\/v2\/comments?post=29"}],"version-history":[{"count":11,"href":"https:\/\/crossfitlabattoir.fr\/index.php\/wp-json\/wp\/v2\/pages\/29\/revisions"}],"predecessor-version":[{"id":326,"href":"https:\/\/crossfitlabattoir.fr\/index.php\/wp-json\/wp\/v2\/pages\/29\/revisions\/326"}],"wp:attachment":[{"href":"https:\/\/crossfitlabattoir.fr\/index.php\/wp-json\/wp\/v2\/media?parent=29"}],"curies":[{"name":"wp","href":"https:\/\/api.w.org\/{rel}","templated":true}]}}