{"id":377,"date":"2023-07-03T03:34:24","date_gmt":"2023-07-03T01:34:24","guid":{"rendered":"https:\/\/crossfitlabattoir.fr\/?page_id=377"},"modified":"2023-07-03T03:34:24","modified_gmt":"2023-07-03T01:34:24","slug":"anael-romain","status":"publish","type":"page","link":"https:\/\/crossfitlabattoir.fr\/index.php\/anael-romain\/","title":{"rendered":"article Anael et Romain"},"content":{"rendered":"<p>[vc_row][vc_column]<div class=\"sc_section\" style=\"max-height:327px;\"><div class=\"sc_section_inner\"><\/div><\/div>[\/vc_column][\/vc_row][vc_row][vc_column]<h5 class=\"sc_title sc_title_regular sc_align_center margin_top_huge margin_bottom_tiny-\" style=\"letter-spacing: 11.5px;text-align:center;color:#afafb0;font-weight:700;font-size:0.833em;\">Histoire de CrossFit \u00e0 Valence<\/h5><h2 class=\"sc_title sc_title_regular sc_align_center\" style=\"margin-bottom: 1em;text-align:center;\">Ana\u00ebl et Romain, deux de nos adh\u00e9rents<\/h2><div class=\"columns_wrap sc_columns columns_nofluid sc_columns_count_1 margin_bottom_large\" style=\"margin: 0 auto;width:69%;\"><div class=\"column-1_1 sc_column_item sc_column_item_1 odd first\">[vc_column_text]Nous sommes fiers d&#8217;annoncer que deux de nos adh\u00e9rents exceptionnels, Ana\u00ebl et Romain, ont r\u00e9cemment remport\u00e9 la deuxi\u00e8me place lors d&#8217;une comp\u00e9tition de CrossFit de renom. Ces athl\u00e8tes talentueux font partie int\u00e9grante de notre box de <strong>CrossFit &#8220;L&#8217;Abattoir&#8221; \u00e0 Valence<\/strong>, et leur succ\u00e8s est une v\u00e9ritable source d&#8217;inspiration pour notre communaut\u00e9.<\/p>\n<p>&nbsp;<\/p>\n<p>Lors de la troisi\u00e8me \u00e9dition de cette comp\u00e9tition, qui a \u00e9t\u00e9 particuli\u00e8rement r\u00e9ussie, Ana\u00ebl et Romain ont d\u00e9montr\u00e9 leur d\u00e9termination, leur force et leur endurance exceptionnelles. Ils ont relev\u00e9 tous les d\u00e9fis avec brio, repoussant leurs limites et montrant leur engagement ind\u00e9fectible envers le sport.<\/p>\n<p>Leur performance remarquable a \u00e9t\u00e9 reconnue par le journal <strong>Le Dauphin\u00e9 Lib\u00e9r\u00e9<\/strong>, qui a publi\u00e9 un article d\u00e9di\u00e9 \u00e0 l&#8217;\u00e9v\u00e9nement et mettant en valeur les prouesses d&#8217;Ana\u00ebl et Romain. Vous pouvez retrouver cet article captivant en suivant ce lien : <a href=\"https:\/\/www.ledauphine.com\/sport\/2023\/04\/24\/une-troisieme-edition-particulierement-reussie\" target=\"_blank\" rel=\"noopener\">ici<\/a><\/p>\n<p>&nbsp;<\/p>\n<p>Nous f\u00e9licitons chaleureusement Ana\u00ebl et Romain pour leur r\u00e9ussite exceptionnelle et pour avoir repr\u00e9sent\u00e9 fi\u00e8rement notre box de CrossFit &#8220;L&#8217;Abattoir&#8221;. Leur travail acharn\u00e9, leur discipline et leur esprit d&#8217;\u00e9quipe ont \u00e9t\u00e9 r\u00e9compens\u00e9s, et ils sont de v\u00e9ritables mod\u00e8les pour tous les adh\u00e9rents de notre communaut\u00e9.<\/p>\n<p>&nbsp;<\/p>\n<p>Chez nous &#8220;<strong>CrossFit L&#8217;Abattoir<\/strong>&#8220;, nous croyons fermement en l&#8217;importance de soutenir et de c\u00e9l\u00e9brer les r\u00e9alisations de nos athl\u00e8tes. Nous encourageons chacun de nos membres \u00e0 se d\u00e9passer, \u00e0 relever des d\u00e9fis et \u00e0 poursuivre ses objectifs sportifs avec passion. Ensemble, nous formons une famille dynamique et soud\u00e9e, et nous sommes impatients de continuer \u00e0 \u00e9crire de belles histoires de r\u00e9ussite.<\/p>\n<p>&nbsp;<\/p>\n<p>Si vous souhaitez rejoindre notre box de <strong>CrossFit \u00e0 Valence<\/strong> et faire partie d&#8217;une communaut\u00e9 qui vous aidera \u00e0 atteindre vos objectifs, n&#8217;h\u00e9sitez pas \u00e0 nous contacter. Que vous soyez un athl\u00e8te confirm\u00e9 ou un d\u00e9butant, nous sommes l\u00e0 pour vous accompagner dans votre parcours de fitness et vous offrir un environnement stimulant o\u00f9 vous pourrez vous \u00e9panouir.[\/vc_column_text]<\/div><\/div>[\/vc_column][\/vc_row][vc_row full_width=&#8221;stretch_row&#8221; css=&#8221;.vc_custom_1450260508440{background-image: url() !important;}&#8221;][vc_column]<a href=\"https:\/\/www.ledauphine.com\/sport\/2023\/04\/24\/une-troisieme-edition-particulierement-reussie\" class=\"sc_button sc_button_square sc_button_style_style1 sc_button_size_small aligncenter\">Lien vers l&#8217;article<\/a>[\/vc_column][\/vc_row]<\/p>\n","protected":false},"excerpt":{"rendered":"<p>[vc_row][vc_column][\/vc_column][\/vc_row][vc_row][vc_column][\/vc_column][\/vc_row][vc_row full_width=&#8221;stretch_row&#8221; css=&#8221;.vc_custom_1450260508440{background-image: url() !important;}&#8221;][vc_column][\/vc_column][\/vc_row]<\/p>\n","protected":false},"author":1,"featured_media":0,"parent":0,"menu_order":0,"comment_status":"closed","ping_status":"closed","template":"","meta":{"footnotes":""},"class_list":["post-377","page","type-page","status-publish","hentry"],"_links":{"self":[{"href":"https:\/\/crossfitlabattoir.fr\/index.php\/wp-json\/wp\/v2\/pages\/377","targetHints":{"allow":["GET"]}}],"collection":[{"href":"https:\/\/crossfitlabattoir.fr\/index.php\/wp-json\/wp\/v2\/pages"}],"about":[{"href":"https:\/\/crossfitlabattoir.fr\/index.php\/wp-json\/wp\/v2\/types\/page"}],"author":[{"embeddable":true,"href":"https:\/\/crossfitlabattoir.fr\/index.php\/wp-json\/wp\/v2\/users\/1"}],"replies":[{"embeddable":true,"href":"https:\/\/crossfitlabattoir.fr\/index.php\/wp-json\/wp\/v2\/comments?post=377"}],"version-history":[{"count":1,"href":"https:\/\/crossfitlabattoir.fr\/index.php\/wp-json\/wp\/v2\/pages\/377\/revisions"}],"predecessor-version":[{"id":378,"href":"https:\/\/crossfitlabattoir.fr\/index.php\/wp-json\/wp\/v2\/pages\/377\/revisions\/378"}],"wp:attachment":[{"href":"https:\/\/crossfitlabattoir.fr\/index.php\/wp-json\/wp\/v2\/media?parent=377"}],"curies":[{"name":"wp","href":"https:\/\/api.w.org\/{rel}","templated":true}]}}