{"id":407,"date":"2023-08-17T08:07:56","date_gmt":"2023-08-17T06:07:56","guid":{"rendered":"https:\/\/crossfitlabattoir.fr\/?page_id=407"},"modified":"2023-08-17T08:17:24","modified_gmt":"2023-08-17T06:17:24","slug":"reservez-kids","status":"publish","type":"page","link":"https:\/\/crossfitlabattoir.fr\/index.php\/reservez-kids\/","title":{"rendered":"R\u00e9servez KIDS"},"content":{"rendered":"<p>[vc_row full_width=&#8221;stretch_row&#8221; parallax=&#8221;content-moving&#8221; parallax_image=&#8221;1251&#8243;][vc_column]<div class=\"sc_content content_wrap\" style=\"padding: 7em 0 4.55em 0;\"><div id=\"sc_call_to_action_1537133496\" class=\"sc_call_to_action sc_call_to_action_style_1 sc_call_to_action_align_center\" style=\"width:100%;\"><div class=\"sc_call_to_action_info\"><h2 class=\"sc_call_to_action_title sc_item_title\">Comment s'inscrire<\/h2><div class=\"sc_call_to_action_descr sc_item_descr\">Rejoignez notre communaut\u00e9 de petits poulets !<\/div><\/div><\/div>[vc_single_image image=&#8221;408&#8243; img_size=&#8221;large&#8221; alignment=&#8221;center&#8221;]<a href=\"https:\/\/forms.gle\/6VCcVAqfZtN9ckh16\" data-animation=\"animated bounceIn normal\" class=\"sc_button sc_button_square sc_button_style_style1 sc_button_size_large aligncenter\" style=\"margin-top: 3em;width:190px;\">Je r\u00e9serve<\/a><\/div>[vc_column_text]D\u00e9couvrez le <strong>CrossFit Kids<\/strong> \u00e0 <strong>Valence<\/strong> : \u00c9panouissement et Sant\u00e9 pour nos Jeunes !<\/p>\n<p>&nbsp;<\/p>\n<p>\u00c0 Valence, nous croyons en l&#8217;importance de cultiver un mode de vie actif et sain d\u00e8s le plus jeune \u00e2ge. C&#8217;est pourquoi nous sommes ravis de pr\u00e9senter le &#8220;CrossFit Kids&#8221;, une approche passionnante de la remise en forme sp\u00e9cialement con\u00e7ue pour nos enfants dynamiques.<\/p>\n<p>&nbsp;<\/p>\n<p>Le CrossFit Kids de Valence est bien plus qu&#8217;un simple programme d&#8217;entra\u00eenement. Il s&#8217;agit d&#8217;une <strong>aventure \u00e9ducative et amusante<\/strong> qui vise \u00e0 d\u00e9velopper la force, la coordination, la confiance en soi et le sens du travail d&#8217;\u00e9quipe chez nos jeunes. Encadr\u00e9s par des entra\u00eeneurs qualifi\u00e9s et exp\u00e9riment\u00e9s, les enfants participent \u00e0 des s\u00e9ances ludiques et adapt\u00e9es \u00e0 leur niveau, m\u00e9langeant des jeux, des mouvements fonctionnels et des exercices de groupe.<\/p>\n<p>&nbsp;<\/p>\n<p>Notre objectif est de fournir aux enfants l&#8217;aide au d\u00e9veloppement de leur motricit\u00e9, tout en favorisant le plaisir de l&#8217;activit\u00e9 physique. Le CrossFit pour Kids incite nos jeunes \u00e0 <strong>se d\u00e9passer tout en construisant des amiti\u00e9s<\/strong> durables et en apprenant l&#8217;importance du respect et de la coop\u00e9ration. Chaque s\u00e9ance est soigneusement planifi\u00e9e pour garantir la s\u00e9curit\u00e9 et la progression, permettant ainsi aux enfants de grandir en force et en confiance \u00e0 chaque \u00e9tape.<\/p>\n<p>&nbsp;<\/p>\n<p>Rejoignez-nous \u00e0 Valence pour offrir \u00e0 vos enfants une opportunit\u00e9 de <strong>grandir en bonne sant\u00e9<\/strong>, de d\u00e9couvrir le potentiel de leur corps et de <strong>cr\u00e9er des souvenirs inoubliables<\/strong> avec leurs pairs. Le CrossFit Kids est bien plus qu&#8217;un entra\u00eenement, c&#8217;est un investissement dans l&#8217;avenir actif et \u00e9panoui de nos jeunes enfants.<\/p>\n<p>&nbsp;<\/p>\n<h3><strong>Le gouvernement vous aide \u00e0 faire du sport !<\/strong><\/h3>\n<p>Une aide de 50\u20ac pour les 6 &#8211; 30 ans, pour plus d&#8217;informations suivez ce lien :<\/p>\n<div><b><a href=\"https:\/\/pass.sports.gouv.fr\" target=\"_blank\" rel=\"noopener\">Aide du PASS SPORT<\/a>\u00a0<\/b><\/div>\n<div><b>Possibilit\u00e9 de payer en plusieurs fois, n&#8217;h\u00e9sitez pas \u00e0 nous solliciter si vous avez des questions<\/b><\/div>\n<div><\/div>\n<p>[\/vc_column_text][\/vc_column][\/vc_row][vc_row full_width=&#8221;stretch_row&#8221; css=&#8221;.vc_custom_1450198564755{background-image: url() !important;}&#8221;][vc_column][vc_column_text]<\/p>\n<h3>Ce que nos adh\u00e9rents pensent de nous<\/h3>\n<p>[\/vc_column_text]<div class=\"sc_content content_wrap\" style=\"padding: 3.14em 0;\">[vc_column_text]<div class=\"ti-widget ti-goog\" data-layout-id=\"5\" data-set-id=\"dark-contrast\" data-pid=\"b5167179c03e50ec942cb\" data-pager-autoplay-timeout=\"6\" data-review-target-width=\"275\" > <div class=\"ti-widget-container ti-col-4\"> <div class=\"ti-footer source-Google\"> <div class=\"ti-rating-text\"> <strong class=\"ti-rating\"> Excellent <\/strong> <\/div> <span class=\"ti-stars star-lg\"> <span class=\"ti-star f\"><\/span><span class=\"ti-star f\"><\/span><span class=\"ti-star f\"><\/span><span class=\"ti-star f\"><\/span><span class=\"ti-star f\"><\/span> <\/span> <div class=\"ti-rating-text\"> <span class=\"nowrap\">Bas\u00e9e sur <strong>23 avis<\/strong><\/span> <\/div> <div class=\"ti-large-logo\"> <div class=\"ti-v-center\"> <img loading=\"lazy\" decoding=\"async\" class=\"ti-logo-fb\" src=\"https:\/\/cdn.trustindex.io\/assets\/platform\/Google\/logo-dark.svg\" width=\"150\" height=\"25\" alt=\"Google\" width=\"150\" height=\"25\" \/> <\/div> <\/div> <\/div> <div class=\"ti-reviews-container\"> <div class=\"ti-controls\"> <div class=\"ti-next\"><\/div> <div class=\"ti-prev\"><\/div> <\/div> <div class=\"ti-reviews-container-wrapper\">  <div data-empty=\"0\" class=\"ti-review-item source-Google\" > <div class=\"ti-inner\"> <div class=\"ti-review-header\"> <div class=\"ti-profile-img\"> <img decoding=\"async\" src=\"https:\/\/lh3.googleusercontent.com\/a\/AEdFTp6p8dj27nVUckjkWJTUkPPcYFA_RPHEYFOxKvU-=s120-c-c-rp-w64-h64-mo-br100\" alt=\"Milena June\" \/> <\/div> <div class=\"ti-profile-details\"> <div class=\"ti-name\"> Milena June <\/div> <div class=\"ti-date\">30\/06\/2022<\/div> <\/div> <\/div> <span class=\"ti-stars\"><span class=\"ti-star f\"><\/span><span class=\"ti-star f\"><\/span><span class=\"ti-star f\"><\/span><span class=\"ti-star f\"><\/span><span class=\"ti-star f\"><\/span><\/span> <div class=\"ti-review-content\"><!-- R-CONTENT -->Equipe au top, l'ambiance instaur\u00e9e est cool et super motivante, l'\u00e9quipement est vari\u00e9 et en bon \u00e9tat. Je recommande ! \ud83d\udcaa\ud83d\ude4f<!-- R-CONTENT --><\/div> <span class=\"ti-read-more\" data-container=\".ti-review-content\" data-collapse-text=\"Cacher\" data-open-text=\"Lire la suite\"><\/span> <\/div> <\/div>  <div data-empty=\"0\" class=\"ti-review-item source-Google\" > <div class=\"ti-inner\"> <div class=\"ti-review-header\"> <div class=\"ti-profile-img\"> <img decoding=\"async\" src=\"https:\/\/lh3.googleusercontent.com\/a-\/AD5-WCnB0bH9pbljpMqJFEri4u5Tt_SNE-E5Id0Az_8S=s120-c-c-rp-w64-h64-mo-br100\" alt=\"Damien Vergne\" \/> <\/div> <div class=\"ti-profile-details\"> <div class=\"ti-name\"> Damien Vergne <\/div> <div class=\"ti-date\">25\/06\/2022<\/div> <\/div> <\/div> <span class=\"ti-stars\"><span class=\"ti-star f\"><\/span><span class=\"ti-star f\"><\/span><span class=\"ti-star f\"><\/span><span class=\"ti-star f\"><\/span><span class=\"ti-star f\"><\/span><\/span> <div class=\"ti-review-content\"><!-- R-CONTENT -->Ambiance tr\u00e8s sympa et d\u00e9contract\u00e9e.<!-- R-CONTENT --><\/div> <span class=\"ti-read-more\" data-container=\".ti-review-content\" data-collapse-text=\"Cacher\" data-open-text=\"Lire la suite\"><\/span> <\/div> <\/div>  <div data-empty=\"0\" class=\"ti-review-item source-Google\" > <div class=\"ti-inner\"> <div class=\"ti-review-header\"> <div class=\"ti-profile-img\"> <img decoding=\"async\" src=\"https:\/\/lh3.googleusercontent.com\/a\/AEdFTp5VMmP9F9k0sS4ai3ShiUv0RSNvxpkVDVTlBBwb=s120-c-c-rp-w64-h64-mo-br100\" alt=\"Graine Azerty\" \/> <\/div> <div class=\"ti-profile-details\"> <div class=\"ti-name\"> Graine Azerty <\/div> <div class=\"ti-date\">22\/02\/2022<\/div> <\/div> <\/div> <span class=\"ti-stars\"><span class=\"ti-star f\"><\/span><span class=\"ti-star f\"><\/span><span class=\"ti-star f\"><\/span><span class=\"ti-star f\"><\/span><span class=\"ti-star f\"><\/span><\/span> <div class=\"ti-review-content\"><!-- R-CONTENT -->Une bonne ambiance avec de bon coach \ud83d\udcaa<!-- R-CONTENT --><\/div> <span class=\"ti-read-more\" data-container=\".ti-review-content\" data-collapse-text=\"Cacher\" data-open-text=\"Lire la suite\"><\/span> <\/div> <\/div>  <div data-empty=\"0\" class=\"ti-review-item source-Google\" > <div class=\"ti-inner\"> <div class=\"ti-review-header\"> <div class=\"ti-profile-img\"> <img decoding=\"async\" src=\"https:\/\/lh3.googleusercontent.com\/a\/AEdFTp5D7_374obrn549hLVwbgKE4IupUpk2ryGQIl7S=s120-c-c-rp-w64-h64-mo-br100\" alt=\"Arnaud Le Friant\" \/> <\/div> <div class=\"ti-profile-details\"> <div class=\"ti-name\"> Arnaud Le Friant <\/div> <div class=\"ti-date\">15\/11\/2021<\/div> <\/div> <\/div> <span class=\"ti-stars\"><span class=\"ti-star f\"><\/span><span class=\"ti-star f\"><\/span><span class=\"ti-star f\"><\/span><span class=\"ti-star f\"><\/span><span class=\"ti-star f\"><\/span><\/span> <div class=\"ti-review-content\"><!-- R-CONTENT -->Salle au top, autant humainement pour les responsables qu'au niveau mat\u00e9riel.<!-- R-CONTENT --><\/div> <span class=\"ti-read-more\" data-container=\".ti-review-content\" data-collapse-text=\"Cacher\" data-open-text=\"Lire la suite\"><\/span> <\/div> <\/div>  <\/div> <div class=\"ti-controls-line\"> <div class=\"dot\"><\/div> <\/div>  <\/div> <\/div> <\/div>[\/vc_column_text]<\/div>[vc_empty_space][\/vc_column][\/vc_row]<\/p>\n","protected":false},"excerpt":{"rendered":"<p>[vc_row full_width=&#8221;stretch_row&#8221; parallax=&#8221;content-moving&#8221; parallax_image=&#8221;1251&#8243;][vc_column][vc_column_text]D\u00e9couvrez le CrossFit Kids \u00e0 Valence : \u00c9panouissement et Sant\u00e9 pour nos Jeunes ! &nbsp; \u00c0 Valence, nous croyons en l&#8217;importance de cultiver un mode de vie actif et sain d\u00e8s le plus jeune \u00e2ge. C&#8217;est pourquoi nous sommes ravis de pr\u00e9senter le &#8220;CrossFit Kids&#8221;, une approche passionnante de la remise en [&hellip;]<\/p>\n","protected":false},"author":1,"featured_media":0,"parent":0,"menu_order":0,"comment_status":"closed","ping_status":"closed","template":"","meta":{"footnotes":""},"class_list":["post-407","page","type-page","status-publish","hentry"],"_links":{"self":[{"href":"https:\/\/crossfitlabattoir.fr\/index.php\/wp-json\/wp\/v2\/pages\/407","targetHints":{"allow":["GET"]}}],"collection":[{"href":"https:\/\/crossfitlabattoir.fr\/index.php\/wp-json\/wp\/v2\/pages"}],"about":[{"href":"https:\/\/crossfitlabattoir.fr\/index.php\/wp-json\/wp\/v2\/types\/page"}],"author":[{"embeddable":true,"href":"https:\/\/crossfitlabattoir.fr\/index.php\/wp-json\/wp\/v2\/users\/1"}],"replies":[{"embeddable":true,"href":"https:\/\/crossfitlabattoir.fr\/index.php\/wp-json\/wp\/v2\/comments?post=407"}],"version-history":[{"count":3,"href":"https:\/\/crossfitlabattoir.fr\/index.php\/wp-json\/wp\/v2\/pages\/407\/revisions"}],"predecessor-version":[{"id":413,"href":"https:\/\/crossfitlabattoir.fr\/index.php\/wp-json\/wp\/v2\/pages\/407\/revisions\/413"}],"wp:attachment":[{"href":"https:\/\/crossfitlabattoir.fr\/index.php\/wp-json\/wp\/v2\/media?parent=407"}],"curies":[{"name":"wp","href":"https:\/\/api.w.org\/{rel}","templated":true}]}}