{"id":46,"date":"2015-12-11T13:53:23","date_gmt":"2015-12-11T13:53:23","guid":{"rendered":"https:\/\/crossfitlabattoir.fr\/index.php\/home-2\/"},"modified":"2023-08-07T22:30:40","modified_gmt":"2023-08-07T20:30:40","slug":"home-2","status":"publish","type":"page","link":"https:\/\/crossfitlabattoir.fr\/","title":{"rendered":"Home 2"},"content":{"rendered":"<p>[vc_row][vc_column css_animation=&#8221;flipInX&#8221;]<div class=\"sc_content content_wrap\" style=\"padding: 4em 0 4.25em 0;\"><h2 class=\"sc_title sc_title_regular sc_align_center\" style=\"text-align:center;\">Salle de CrossFit \u00e0 Valence<\/h2>[vc_column_text css=&#8221;.vc_custom_1677661692408{margin-top: 12px !important;margin-bottom: -10px !important;}&#8221;]<\/p>\n<p style=\"text-align: center; font-size: 1.111em; line-height: 30px;\">Dans notre box de CrossFit, nous adaptons les cours pour tous les Niveaux.<br \/>\nQue vous soyez confirm\u00e9 ou bien d\u00e9butant, vous y trouverez votre compte !<\/p>\n<p style=\"text-align: center;\">Des Coachs dipl\u00f4m\u00e9s sont pr\u00e9sents pour vous accompagner et vous guider afin d&#8217;atteindre vos objectifs.<\/p>\n<p>[\/vc_column_text]<a href=\"https:\/\/forms.gle\/7NTnsULqSZfXxVf97\" data-animation=\"animated bounceIn normal\" class=\"sc_button sc_button_square sc_button_style_style1 sc_button_size_large aligncenter\" style=\"margin-top: 3em;width:190px;\">Rejoignez la Team<\/a>[vc_column_text css=&#8221;.vc_custom_1691440183239{margin-top: 12px !important;margin-bottom: -10px !important;}&#8221;]<\/p>\n<p class=\"p1\" style=\"text-align: center;\">D\u00e9couvrez la v\u00e9ritable essence du CrossFit au c\u0153ur de Valence !<\/p>\n<p class=\"p1\" style=\"text-align: center;\">Notre box se distingue par son authenticit\u00e9 : la seule v\u00e9ritablement enracin\u00e9e dans la ville de Valence, nous sommes fiers de vous accueillir au sein m\u00eame de notre magnifique cit\u00e9. Alors que nos confr\u00e8res s&#8217;\u00e9tendent autour de Valence, nous sommes fiers de vous offrir un lieu d&#8217;entra\u00eenement authentique \u00e0 Valence.<\/p>\n<p class=\"p1\" style=\"text-align: center;\">Rejoignez-nous pour repousser vos limites et partager l&#8217;\u00e9nergie vibrante de notre cit\u00e9 !<\/p>\n<p>[\/vc_column_text]<\/div>[vc_empty_space height=&#8221;24px&#8221;][\/vc_column][\/vc_row][vc_row][vc_column css_animation=&#8221;flipInX&#8221;]<div class=\"sc_content content_wrap\" style=\"padding: 4em 0 4.25em 0;\">[vc_video link=&#8221;https:\/\/youtu.be\/sdC7V8Ho7Ss&#8221; el_width=&#8221;60&#8243; align=&#8221;center&#8221; css_animation=&#8221;fadeIn&#8221;]<\/div>[vc_row_inner][vc_column_inner][\/vc_column_inner][\/vc_row_inner][vc_separator color=&#8221;orange&#8221; style=&#8221;dashed&#8221; border_width=&#8221;2&#8243; css_animation=&#8221;fadeIn&#8221;][\/vc_column][\/vc_row][vc_row][vc_column css_animation=&#8221;fadeIn&#8221; width=&#8221;1\/2&#8243;][vc_column_text]<\/p>\n<h4><span style=\"color: #fbca46;\">Avoir une meilleure condition physique :<\/span><\/h4>\n<p>En faisant du CrossFit, dans la plupart de nos s\u00e9ances vous ferez monter les pulsations de votre c\u0153ur, ce qui vous permettra d&#8217;am\u00e9liorer vos capacit\u00e9s pulmonaires et cardiovasculaires.<\/p>\n<p>Vous ferez de la course \u00e0 pied, de la corde \u00e0 sauter, mais aussi du rameur, des burpees, du skierg, du bikerg, de l&#8217;assault bike, etc&#8230;<\/p>\n<hr \/>\n<p>[\/vc_column_text][vc_empty_space height=&#8221;24px&#8221;][\/vc_column][vc_column css_animation=&#8221;fadeIn&#8221; width=&#8221;1\/2&#8243;][vc_column_text]<\/p>\n<h4><span style=\"color: #fbca46;\"><strong>\u00catre plus muscl\u00e9 :<\/strong><\/span><\/h4>\n<p>Vous d\u00e9velopperez votre masse musculaire pour que vous puissiez d\u00e9placer des charges de plus en lourdes. Vous progresserez sous l\u2019\u0153il d&#8217;un coach qui pourra veiller \u00e0 ce que vous vous renforciez en toute s\u00e9curit\u00e9.<\/p>\n<hr \/>\n<p>[\/vc_column_text][vc_empty_space height=&#8221;24px&#8221;][\/vc_column][\/vc_row][vc_row][vc_column width=&#8221;1\/2&#8243;][vc_column_text]<\/p>\n<h4><span style=\"color: #fbca46;\"><strong>Perte de Poids :<\/strong><\/span><\/h4>\n<p>Le CrossFit changera votre corps ! En faisant notre sport vous prendrez de la masse musculaire s\u00e8che et vous perdrez aussi du gras !<\/p>\n<p>Vos coachs pourront vous aider, vous orienter, afin de choisir les bonnes m\u00e9thodes pour atteindre ces objectifs physiques. Ils pourront aussi vous donner des conseils pour bien s&#8217;alimenter.<\/p>\n<hr \/>\n<p>[\/vc_column_text][vc_empty_space height=&#8221;24px&#8221;][\/vc_column][vc_column width=&#8221;1\/2&#8243;][vc_column_text]<\/p>\n<h4><span style=\"color: #fbca46;\"><strong>Bilan INBODY :<\/strong><\/span><\/h4>\n<p>Lorsque vous vous inscrivez chez nous, nous vous proposons de monter sur notre balance INBODY, elle vous permettra d&#8217;avoir un point de d\u00e9part et vous pourrez ainsi quantifier les b\u00e9n\u00e9fices de l&#8217;entrainement sur votre corps :<\/p>\n<p>Evolution de la masse musculaire et de la masse grasse\u00a0 mais aussi plein d&#8217;autres donn\u00e9es ![\/vc_column_text][vc_empty_space height=&#8221;24xp&#8221;][vc_btn title=&#8221;Prendre RDV pour un Bilan&#8221; align=&#8221;center&#8221; css_animation=&#8221;flipInX&#8221; link=&#8221;url:https%3A%2F%2Fforms.gle%2Fq38bbzFnQFBrH3TE9|title:Prendre%20Rendez%20Vous%20Pour%20un%20Bilan%20INBODY|target:_blank&#8221;][vc_empty_space][\/vc_column][\/vc_row][vc_row][vc_column][vc_separator color=&#8221;orange&#8221; style=&#8221;dashed&#8221; border_width=&#8221;2&#8243; css_animation=&#8221;fadeIn&#8221;][\/vc_column][\/vc_row]<\/p>\n","protected":false},"excerpt":{"rendered":"<p>[vc_row][vc_column css_animation=&#8221;flipInX&#8221;][vc_empty_space height=&#8221;24px&#8221;][\/vc_column][\/vc_row][vc_row][vc_column css_animation=&#8221;flipInX&#8221;][vc_row_inner][vc_column_inner][\/vc_column_inner][\/vc_row_inner][vc_separator color=&#8221;orange&#8221; style=&#8221;dashed&#8221; border_width=&#8221;2&#8243; css_animation=&#8221;fadeIn&#8221;][\/vc_column][\/vc_row][vc_row][vc_column css_animation=&#8221;fadeIn&#8221; width=&#8221;1\/2&#8243;][vc_column_text] Avoir une meilleure condition physique : En faisant du CrossFit, dans la plupart de nos s\u00e9ances vous ferez monter les pulsations de votre c\u0153ur, ce qui vous permettra d&#8217;am\u00e9liorer vos capacit\u00e9s pulmonaires et cardiovasculaires. Vous ferez de la course \u00e0 pied, de la corde \u00e0 [&hellip;]<\/p>\n","protected":false},"author":1,"featured_media":0,"parent":0,"menu_order":0,"comment_status":"closed","ping_status":"closed","template":"","meta":{"footnotes":""},"class_list":["post-46","page","type-page","status-publish","hentry"],"_links":{"self":[{"href":"https:\/\/crossfitlabattoir.fr\/index.php\/wp-json\/wp\/v2\/pages\/46","targetHints":{"allow":["GET"]}}],"collection":[{"href":"https:\/\/crossfitlabattoir.fr\/index.php\/wp-json\/wp\/v2\/pages"}],"about":[{"href":"https:\/\/crossfitlabattoir.fr\/index.php\/wp-json\/wp\/v2\/types\/page"}],"author":[{"embeddable":true,"href":"https:\/\/crossfitlabattoir.fr\/index.php\/wp-json\/wp\/v2\/users\/1"}],"replies":[{"embeddable":true,"href":"https:\/\/crossfitlabattoir.fr\/index.php\/wp-json\/wp\/v2\/comments?post=46"}],"version-history":[{"count":68,"href":"https:\/\/crossfitlabattoir.fr\/index.php\/wp-json\/wp\/v2\/pages\/46\/revisions"}],"predecessor-version":[{"id":395,"href":"https:\/\/crossfitlabattoir.fr\/index.php\/wp-json\/wp\/v2\/pages\/46\/revisions\/395"}],"wp:attachment":[{"href":"https:\/\/crossfitlabattoir.fr\/index.php\/wp-json\/wp\/v2\/media?parent=46"}],"curies":[{"name":"wp","href":"https:\/\/api.w.org\/{rel}","templated":true}]}}