{"id":51,"date":"2015-12-11T13:56:40","date_gmt":"2015-12-11T12:56:40","guid":{"rendered":"https:\/\/crossfitlabattoir.fr\/index.php\/coaches\/"},"modified":"2023-07-14T18:57:34","modified_gmt":"2023-07-14T16:57:34","slug":"reservez","status":"publish","type":"page","link":"https:\/\/crossfitlabattoir.fr\/index.php\/reservez\/","title":{"rendered":"R\u00e9servez"},"content":{"rendered":"<p>[vc_row full_width=&#8221;stretch_row&#8221; parallax=&#8221;content-moving&#8221; parallax_image=&#8221;1251&#8243;][vc_column]<div class=\"sc_content content_wrap\" style=\"padding: 7em 0 4.55em 0;\"><div id=\"sc_call_to_action_219125680\" class=\"sc_call_to_action sc_call_to_action_style_1 sc_call_to_action_align_center\" style=\"width:100%;\"><div class=\"sc_call_to_action_info\"><h2 class=\"sc_call_to_action_title sc_item_title\">Comment s'inscrire<\/h2><div class=\"sc_call_to_action_descr sc_item_descr\">Rejoignez notre communaut\u00e9 de petits poulets !<\/div><\/div><\/div>[vc_single_image image=&#8221;220&#8243; img_size=&#8221;large&#8221; alignment=&#8221;center&#8221;]<a href=\"https:\/\/forms.gle\/7NTnsULqSZfXxVf97\" data-animation=\"animated bounceIn normal\" class=\"sc_button sc_button_square sc_button_style_style1 sc_button_size_large aligncenter\" style=\"margin-top: 3em;width:190px;\">Je r\u00e9serve<\/a><\/div>[\/vc_column][\/vc_row][vc_row full_width=&#8221;stretch_row&#8221; css=&#8221;.vc_custom_1450198564755{background-image: url() !important;}&#8221;][vc_column][vc_column_text]<\/p>\n<h3>Ce que nos adh\u00e9rents pensent de nous<\/h3>\n<p>[\/vc_column_text]<div class=\"sc_content content_wrap\" style=\"padding: 3.14em 0;\">[vc_column_text]<div class=\"ti-widget ti-goog\" data-layout-id=\"5\" data-set-id=\"dark-contrast\" data-pid=\"b5167179c03e50ec942cb\" data-pager-autoplay-timeout=\"6\" data-review-target-width=\"275\" > <div class=\"ti-widget-container ti-col-4\"> <div class=\"ti-footer source-Google\"> <div class=\"ti-rating-text\"> <strong class=\"ti-rating\"> Excellent <\/strong> <\/div> <span class=\"ti-stars star-lg\"> <span class=\"ti-star f\"><\/span><span class=\"ti-star f\"><\/span><span class=\"ti-star f\"><\/span><span class=\"ti-star f\"><\/span><span class=\"ti-star f\"><\/span> <\/span> <div class=\"ti-rating-text\"> <span class=\"nowrap\">Bas\u00e9e sur <strong>23 avis<\/strong><\/span> <\/div> <div class=\"ti-large-logo\"> <div class=\"ti-v-center\"> <img loading=\"lazy\" decoding=\"async\" class=\"ti-logo-fb\" src=\"https:\/\/cdn.trustindex.io\/assets\/platform\/Google\/logo-dark.svg\" width=\"150\" height=\"25\" alt=\"Google\" width=\"150\" height=\"25\" \/> <\/div> <\/div> <\/div> <div class=\"ti-reviews-container\"> <div class=\"ti-controls\"> <div class=\"ti-next\"><\/div> <div class=\"ti-prev\"><\/div> <\/div> <div class=\"ti-reviews-container-wrapper\">  <div data-empty=\"0\" class=\"ti-review-item source-Google\" > <div class=\"ti-inner\"> <div class=\"ti-review-header\"> <div class=\"ti-profile-img\"> <img decoding=\"async\" src=\"https:\/\/lh3.googleusercontent.com\/a\/AEdFTp6p8dj27nVUckjkWJTUkPPcYFA_RPHEYFOxKvU-=s120-c-c-rp-w64-h64-mo-br100\" alt=\"Milena June\" \/> <\/div> <div class=\"ti-profile-details\"> <div class=\"ti-name\"> Milena June <\/div> <div class=\"ti-date\">30\/06\/2022<\/div> <\/div> <\/div> <span class=\"ti-stars\"><span class=\"ti-star f\"><\/span><span class=\"ti-star f\"><\/span><span class=\"ti-star f\"><\/span><span class=\"ti-star f\"><\/span><span class=\"ti-star f\"><\/span><\/span> <div class=\"ti-review-content\"><!-- R-CONTENT -->Equipe au top, l'ambiance instaur\u00e9e est cool et super motivante, l'\u00e9quipement est vari\u00e9 et en bon \u00e9tat. Je recommande ! \ud83d\udcaa\ud83d\ude4f<!-- R-CONTENT --><\/div> <span class=\"ti-read-more\" data-container=\".ti-review-content\" data-collapse-text=\"Cacher\" data-open-text=\"Lire la suite\"><\/span> <\/div> <\/div>  <div data-empty=\"0\" class=\"ti-review-item source-Google\" > <div class=\"ti-inner\"> <div class=\"ti-review-header\"> <div class=\"ti-profile-img\"> <img decoding=\"async\" src=\"https:\/\/lh3.googleusercontent.com\/a-\/AD5-WCnB0bH9pbljpMqJFEri4u5Tt_SNE-E5Id0Az_8S=s120-c-c-rp-w64-h64-mo-br100\" alt=\"Damien Vergne\" \/> <\/div> <div class=\"ti-profile-details\"> <div class=\"ti-name\"> Damien Vergne <\/div> <div class=\"ti-date\">25\/06\/2022<\/div> <\/div> <\/div> <span class=\"ti-stars\"><span class=\"ti-star f\"><\/span><span class=\"ti-star f\"><\/span><span class=\"ti-star f\"><\/span><span class=\"ti-star f\"><\/span><span class=\"ti-star f\"><\/span><\/span> <div class=\"ti-review-content\"><!-- R-CONTENT -->Ambiance tr\u00e8s sympa et d\u00e9contract\u00e9e.<!-- R-CONTENT --><\/div> <span class=\"ti-read-more\" data-container=\".ti-review-content\" data-collapse-text=\"Cacher\" data-open-text=\"Lire la suite\"><\/span> <\/div> <\/div>  <div data-empty=\"0\" class=\"ti-review-item source-Google\" > <div class=\"ti-inner\"> <div class=\"ti-review-header\"> <div class=\"ti-profile-img\"> <img decoding=\"async\" src=\"https:\/\/lh3.googleusercontent.com\/a\/AEdFTp5VMmP9F9k0sS4ai3ShiUv0RSNvxpkVDVTlBBwb=s120-c-c-rp-w64-h64-mo-br100\" alt=\"Graine Azerty\" \/> <\/div> <div class=\"ti-profile-details\"> <div class=\"ti-name\"> Graine Azerty <\/div> <div class=\"ti-date\">22\/02\/2022<\/div> <\/div> <\/div> <span class=\"ti-stars\"><span class=\"ti-star f\"><\/span><span class=\"ti-star f\"><\/span><span class=\"ti-star f\"><\/span><span class=\"ti-star f\"><\/span><span class=\"ti-star f\"><\/span><\/span> <div class=\"ti-review-content\"><!-- R-CONTENT -->Une bonne ambiance avec de bon coach \ud83d\udcaa<!-- R-CONTENT --><\/div> <span class=\"ti-read-more\" data-container=\".ti-review-content\" data-collapse-text=\"Cacher\" data-open-text=\"Lire la suite\"><\/span> <\/div> <\/div>  <div data-empty=\"0\" class=\"ti-review-item source-Google\" > <div class=\"ti-inner\"> <div class=\"ti-review-header\"> <div class=\"ti-profile-img\"> <img decoding=\"async\" src=\"https:\/\/lh3.googleusercontent.com\/a\/AEdFTp5D7_374obrn549hLVwbgKE4IupUpk2ryGQIl7S=s120-c-c-rp-w64-h64-mo-br100\" alt=\"Arnaud Le Friant\" \/> <\/div> <div class=\"ti-profile-details\"> <div class=\"ti-name\"> Arnaud Le Friant <\/div> <div class=\"ti-date\">15\/11\/2021<\/div> <\/div> <\/div> <span class=\"ti-stars\"><span class=\"ti-star f\"><\/span><span class=\"ti-star f\"><\/span><span class=\"ti-star f\"><\/span><span class=\"ti-star f\"><\/span><span class=\"ti-star f\"><\/span><\/span> <div class=\"ti-review-content\"><!-- R-CONTENT -->Salle au top, autant humainement pour les responsables qu'au niveau mat\u00e9riel.<!-- R-CONTENT --><\/div> <span class=\"ti-read-more\" data-container=\".ti-review-content\" data-collapse-text=\"Cacher\" data-open-text=\"Lire la suite\"><\/span> <\/div> <\/div>  <\/div> <div class=\"ti-controls-line\"> <div class=\"dot\"><\/div> <\/div>  <\/div> <\/div> <\/div>[\/vc_column_text]<\/div>[vc_empty_space][\/vc_column][\/vc_row]<\/p>\n","protected":false},"excerpt":{"rendered":"<p>[vc_row full_width=&#8221;stretch_row&#8221; parallax=&#8221;content-moving&#8221; parallax_image=&#8221;1251&#8243;][vc_column][\/vc_column][\/vc_row][vc_row full_width=&#8221;stretch_row&#8221; css=&#8221;.vc_custom_1450198564755{background-image: url() !important;}&#8221;][vc_column][vc_column_text] Ce que nos adh\u00e9rents pensent de nous [\/vc_column_text][vc_empty_space][\/vc_column][\/vc_row]<\/p>\n","protected":false},"author":1,"featured_media":0,"parent":0,"menu_order":0,"comment_status":"closed","ping_status":"closed","template":"","meta":{"footnotes":""},"class_list":["post-51","page","type-page","status-publish","hentry"],"_links":{"self":[{"href":"https:\/\/crossfitlabattoir.fr\/index.php\/wp-json\/wp\/v2\/pages\/51","targetHints":{"allow":["GET"]}}],"collection":[{"href":"https:\/\/crossfitlabattoir.fr\/index.php\/wp-json\/wp\/v2\/pages"}],"about":[{"href":"https:\/\/crossfitlabattoir.fr\/index.php\/wp-json\/wp\/v2\/types\/page"}],"author":[{"embeddable":true,"href":"https:\/\/crossfitlabattoir.fr\/index.php\/wp-json\/wp\/v2\/users\/1"}],"replies":[{"embeddable":true,"href":"https:\/\/crossfitlabattoir.fr\/index.php\/wp-json\/wp\/v2\/comments?post=51"}],"version-history":[{"count":18,"href":"https:\/\/crossfitlabattoir.fr\/index.php\/wp-json\/wp\/v2\/pages\/51\/revisions"}],"predecessor-version":[{"id":221,"href":"https:\/\/crossfitlabattoir.fr\/index.php\/wp-json\/wp\/v2\/pages\/51\/revisions\/221"}],"wp:attachment":[{"href":"https:\/\/crossfitlabattoir.fr\/index.php\/wp-json\/wp\/v2\/media?parent=51"}],"curies":[{"name":"wp","href":"https:\/\/api.w.org\/{rel}","templated":true}]}}