{"id":53,"date":"2015-12-11T13:57:09","date_gmt":"2015-12-11T12:57:09","guid":{"rendered":"https:\/\/crossfitlabattoir.fr\/index.php\/nutrition\/"},"modified":"2023-08-07T23:51:16","modified_gmt":"2023-08-07T21:51:16","slug":"presse-et-evenements-crossfit-valence","status":"publish","type":"page","link":"https:\/\/crossfitlabattoir.fr\/index.php\/presse-et-evenements-crossfit-valence\/","title":{"rendered":"Presse et \u00c9v\u00e9nements CrossFit \u00e0 Valence"},"content":{"rendered":"<p>[vc_row][vc_column]<div class=\"sc_section\" style=\"max-height:327px;\"><div class=\"sc_section_inner\"><\/div><\/div>[\/vc_column][\/vc_row][vc_row][vc_column]<h5 class=\"sc_title sc_title_regular sc_align_center margin_top_huge margin_bottom_tiny-\" style=\"letter-spacing: 11.5px;text-align:center;color:#afafb0;font-weight:700;font-size:0.833em;\"><span style=\"color: #70a903;\">Histoire de CrossFit<\/span> \u00e0 Valence<\/h5><h2 class=\"sc_title sc_title_regular sc_align_center\" style=\"margin-bottom: 1em;text-align:center;\">Presse &amp; \u00c9v\u00e9nements<\/h2><div class=\"columns_wrap sc_columns columns_nofluid sc_columns_count_1 margin_bottom_large\" style=\"margin: 0 auto;width:69%;\"><div class=\"column-1_1 sc_column_item sc_column_item_1 odd first\">[vc_column_text]<\/p>\n<p style=\"text-align: center;\"><em>\u201cNe vous efforcez pas d&#8217;\u00eatre meilleur que les autres. Efforcez-vous d&#8217;\u00eatre meilleur que ce que vous pensiez pouvoir \u00eatre.\u201d<\/em><\/p>\n<p>&nbsp;<\/p>\n<p>Bienvenue sur notre page d\u00e9di\u00e9e aux \u00e9v\u00e9nements marquants et aux succ\u00e8s de notre box de CrossFit, &#8220;L&#8217;Abattoir&#8221;, bas\u00e9e \u00e0 Valence !<\/p>\n<p>&nbsp;<\/p>\n<p>Depuis notre ouverture, nous avons eu le privil\u00e8ge de participer \u00e0 de nombreux \u00e9v\u00e9nements sportifs et de voir nos adh\u00e9rents repousser leurs limites avec passion et d\u00e9termination. Que ce soit lors de comp\u00e9titions locales, r\u00e9gionales ou nationales, notre communaut\u00e9 de CrossFit a su se distinguer par son esprit d&#8217;\u00e9quipe et son engagement sans faille.<\/p>\n<p>Nous sommes fiers de partager avec vous nos moments forts et nos r\u00e9alisations. Notre box de CrossFit &#8220;L&#8217;Abattoir&#8221; a particip\u00e9 \u00e0 des comp\u00e9titions prestigieuses, o\u00f9 nos athl\u00e8tes ont d\u00e9montr\u00e9 leur excellence et leur d\u00e9vouement. Leurs performances remarquables et leur engagement ont \u00e9t\u00e9 reconnus par la presse sp\u00e9cialis\u00e9e, qui a consacr\u00e9 plusieurs articles \u00e9logieux \u00e0 notre box de CrossFit \u00e0 Valence.<\/p>\n<p>&nbsp;<\/p>\n<p>Nos adh\u00e9rents sont les v\u00e9ritables h\u00e9ros de notre histoire. Leur d\u00e9termination, leur travail acharn\u00e9 et leur esprit d&#8217;\u00e9quipe ont cr\u00e9\u00e9 une v\u00e9ritable dynamique au sein de notre communaut\u00e9. Chaque jour, nous sommes inspir\u00e9s par leur passion et leur d\u00e9sir de repousser leurs limites.<\/p>\n<p>&nbsp;<\/p>\n<p>Nous tenons \u00e9galement \u00e0 remercier nos partenaires et sponsors, qui nous ont soutenus tout au long de notre parcours et ont contribu\u00e9 \u00e0 notre succ\u00e8s. Leur confiance en notre box de CrossFit &#8220;L&#8217;Abattoir&#8221; nous a permis de d\u00e9velopper des programmes d&#8217;entra\u00eenement de haute qualit\u00e9 et d&#8217;offrir des installations de pointe \u00e0 nos adh\u00e9rents.<\/p>\n<p>&nbsp;<\/p>\n<p>Que vous soyez un athl\u00e8te passionn\u00e9 de CrossFit \u00e0 la recherche d&#8217;un environnement stimulant ou que vous souhaitiez simplement rejoindre une communaut\u00e9 sportive dynamique, notre box de CrossFit \u00e0 Valence vous accueille \u00e0 bras ouverts. Rejoignez-nous pour vivre l&#8217;exp\u00e9rience ultime du CrossFit et faire partie d&#8217;une communaut\u00e9 qui vous soutiendra dans chaque \u00e9tape de votre parcours sportif.[\/vc_column_text]<\/div><\/div>[\/vc_column][\/vc_row][vc_row full_width=&#8221;stretch_row&#8221; css=&#8221;.vc_custom_1450260508440{background-image: url() !important;}&#8221;][vc_column]<div class=\"columns_wrap sc_columns columns_nofluid sc_columns_count_2\" style=\"padding: 3.5em 0 5em 0;\"><div class=\"column-1_2 sc_column_item sc_column_item_1 odd first\"><h3 class=\"sc_title sc_title_regular\" style=\"margin-bottom: 1em;\"><span style=\"color: #70a903;\">Ana\u00ebl &amp; Romain<\/span>\u00a0deux comp\u00e9titeurs<\/p>\n<p><\/h3>[vc_column_text]Nous sommes fiers d&#8217;annoncer que deux de nos adh\u00e9rents exceptionnels, Ana\u00ebl et Romain, ont r\u00e9cemment remport\u00e9 la&#8230;[\/vc_column_text]<a href=\"https:\/\/crossfitlabattoir.fr\/index.php\/anael-romain\/\" class=\"sc_button sc_button_square sc_button_style_style1 sc_button_size_small margin_top_large\">suite<\/a><\/div><div class=\"column-1_2 sc_column_item sc_column_item_2 even\"><h3 class=\"sc_title sc_title_regular\" style=\"margin-bottom: 1em;\"><span style=\"color: #70a903;\">Veteran WAR<\/span> Vid\u00e9o<\/h3>[vc_column_text]Nous sommes ravis de partager avec vous une comp\u00e9tition \u00e9pique qui s&#8217;est d\u00e9roul\u00e9e r\u00e9cemment : la &#8220;<strong>V\u00e9t\u00e9ran War<\/strong>&#8220;. Cette comp\u00e9tition&#8230;[\/vc_column_text]<a href=\"https:\/\/crossfitlabattoir.fr\/index.php\/article-veteran-war\/\" class=\"sc_button sc_button_square sc_button_style_style1 sc_button_size_small margin_top_large\">suite<\/a><\/div><\/div>[\/vc_column][\/vc_row][vc_row full_width=&#8221;stretch_row&#8221; css=&#8221;.vc_custom_1450260508440{background-image: url() !important;}&#8221;][vc_column]<div class=\"columns_wrap sc_columns columns_nofluid sc_columns_count_2\" style=\"padding: 3.5em 0 5em 0;\"><div class=\"column-1_2 sc_column_item sc_column_item_1 odd first\"><h3 class=\"sc_title sc_title_regular\" style=\"margin-bottom: 1em;\">Une Matin\u00e9e de CrossFit avec <span style=\"color: #99cc00;\">nos H\u00e9ros en Uniforme<\/span><\/h3>[vc_column_text]Valence, un Mercredi matin &#8211; Un \u00e9v\u00e9nement marquant a eu lieu au c\u0153ur de la ville alors que notre box de CrossFit a ouvert ses portes aux policiers locaux&#8230;[\/vc_column_text]<a href=\"https:\/\/crossfitlabattoir.fr\/index.php\/adherents-et-policier\/\" class=\"sc_button sc_button_square sc_button_style_style1 sc_button_size_small margin_top_large\">suite<\/a><\/div><div class=\"column-1_2 sc_column_item sc_column_item_2 even\"><h3 class=\"sc_title sc_title_regular\" style=\"margin-bottom: 1em;\">Quand votre box de CrossFit <span style=\"color: #99cc00;\">fait autre chose que du CrossFit<\/span><\/h3>[vc_column_text]\u00c0 Valence, <strong>La CPME Dr\u00f4me<\/strong>, une organisation patronale interprofessionnelle engag\u00e9e dans le soutien et l&#8217;accompagnement des entrepreneurs locaux, a illumin\u00e9 la&#8230;[\/vc_column_text]<a href=\"https:\/\/crossfitlabattoir.fr\/index.php\/participation-caritative\/\" class=\"sc_button sc_button_square sc_button_style_style1 sc_button_size_small margin_top_large\">suite<\/a><\/div><\/div>[\/vc_column][\/vc_row][vc_row full_width=&#8221;stretch_row&#8221; disable_element=&#8221;yes&#8221; css=&#8221;.vc_custom_1688348768595{background-color: #141516 !important;}&#8221;][vc_column]<div class=\"sc_content content_wrap\" style=\"padding: 3.8em 0 0em 0;\"><h5 class=\"sc_title sc_title_regular sc_align_center margin_bottom_tiny-\" style=\"letter-spacing: 11.5px;text-align:center;color:#afafb0;font-weight:700;font-size:0.833em;\">our shop<\/h5><h2 class=\"sc_title sc_title_regular sc_align_center\" style=\"text-align:center;\">Nutritional Supplements<\/h2>[vc_column_text css=&#8221;.vc_custom_1456306640135{margin-top: 12px !important;margin-bottom: -10px !important;}&#8221;]<\/p>\n<p style=\"text-align: center; font-size: 1.111em; line-height: 30px;\">Be part of our premier CrossFit community<\/p>\n<p>[\/vc_column_text][vc_empty_space height=&#8221;4.2em&#8221;]<\/div>[\/vc_column][\/vc_row]<\/p>\n","protected":false},"excerpt":{"rendered":"<p>[vc_row][vc_column][\/vc_column][\/vc_row][vc_row][vc_column][\/vc_column][\/vc_row][vc_row full_width=&#8221;stretch_row&#8221; css=&#8221;.vc_custom_1450260508440{background-image: url() !important;}&#8221;][vc_column][\/vc_column][\/vc_row][vc_row full_width=&#8221;stretch_row&#8221; css=&#8221;.vc_custom_1450260508440{background-image: url() !important;}&#8221;][vc_column][\/vc_column][\/vc_row][vc_row full_width=&#8221;stretch_row&#8221; disable_element=&#8221;yes&#8221; css=&#8221;.vc_custom_1688348768595{background-color: #141516 !important;}&#8221;][vc_column][\/vc_column][\/vc_row]<\/p>\n","protected":false},"author":1,"featured_media":0,"parent":0,"menu_order":0,"comment_status":"closed","ping_status":"closed","template":"","meta":{"footnotes":""},"class_list":["post-53","page","type-page","status-publish","hentry"],"_links":{"self":[{"href":"https:\/\/crossfitlabattoir.fr\/index.php\/wp-json\/wp\/v2\/pages\/53","targetHints":{"allow":["GET"]}}],"collection":[{"href":"https:\/\/crossfitlabattoir.fr\/index.php\/wp-json\/wp\/v2\/pages"}],"about":[{"href":"https:\/\/crossfitlabattoir.fr\/index.php\/wp-json\/wp\/v2\/types\/page"}],"author":[{"embeddable":true,"href":"https:\/\/crossfitlabattoir.fr\/index.php\/wp-json\/wp\/v2\/users\/1"}],"replies":[{"embeddable":true,"href":"https:\/\/crossfitlabattoir.fr\/index.php\/wp-json\/wp\/v2\/comments?post=53"}],"version-history":[{"count":10,"href":"https:\/\/crossfitlabattoir.fr\/index.php\/wp-json\/wp\/v2\/pages\/53\/revisions"}],"predecessor-version":[{"id":405,"href":"https:\/\/crossfitlabattoir.fr\/index.php\/wp-json\/wp\/v2\/pages\/53\/revisions\/405"}],"wp:attachment":[{"href":"https:\/\/crossfitlabattoir.fr\/index.php\/wp-json\/wp\/v2\/media?parent=53"}],"curies":[{"name":"wp","href":"https:\/\/api.w.org\/{rel}","templated":true}]}}