{"id":55,"date":"2015-12-11T13:57:44","date_gmt":"2015-12-11T13:57:44","guid":{"rendered":"https:\/\/crossfitlabattoir.fr\/index.php\/new-to-crossfit\/"},"modified":"2023-09-28T08:42:27","modified_gmt":"2023-09-28T06:42:27","slug":"new-to-crossfit","status":"publish","type":"page","link":"https:\/\/crossfitlabattoir.fr\/index.php\/new-to-crossfit\/","title":{"rendered":"Le Crossfit c&#8217;est quoi ?"},"content":{"rendered":"<p>[vc_row full_width=&#8221;stretch_row&#8221;][vc_column]<div class=\"sc_content content_wrap\" style=\"padding: 4em 0 2.5em 0;\"><h5 class=\"sc_title sc_title_regular sc_align_center margin_bottom_tiny-\" style=\"letter-spacing: 11.5px;text-align:center;color:#afafb0;font-weight:700;font-size:0.833em;\">Le CrossFit C&#8217;est Quoi ?<\/h5><h2 class=\"sc_title sc_title_regular sc_align_center\" style=\"text-align:center;\">Le CrossFit est un Sport complet, qui permet d&#8217;am\u00e9liorer :<\/h2>[vc_column_text css=&#8221;.vc_custom_1672151446929{margin-top: 12px !important;margin-bottom: -10px !important;}&#8221;]<\/p>\n<p style=\"text-align: center; font-size: 1.111em; line-height: 30px;\"><b>endurance cardiovasculaire et respiratoire, endurance musculaire, force, souplesse, puissance, vitesse, agilit\u00e9, psychomotricit\u00e9, \u00e9quilibre et pr\u00e9cision<\/b><\/p>\n<p>[\/vc_column_text]<\/div>[\/vc_column][\/vc_row][vc_row full_width=&#8221;stretch_row&#8221;][vc_column][vc_empty_space][vc_btn title=&#8221;Je r\u00e9serve ma premi\u00e8re s\u00e9ance gratuite ici !&#8221; color=&#8221;orange&#8221; size=&#8221;lg&#8221; align=&#8221;center&#8221; css_animation=&#8221;bounceIn&#8221; button_block=&#8221;true&#8221; link=&#8221;url:https%3A%2F%2Fcrossfitlabattoir.fr%2Findex.php%2Freservez%2F|title:R%C3%A9servez&#8221;][vc_empty_space][\/vc_column][\/vc_row][vc_row full_width=&#8221;stretch_row&#8221;][vc_column]<figure class=\"sc_image  sc_image_shape_square\"><img decoding=\"async\" src=\"https:\/\/crossfitlabattoir.fr\/wp-content\/uploads\/2023\/09\/planning.png\" alt=\"\" \/><\/figure>[vc_empty_space]<h3 class=\"sc_title sc_title_regular sc_align_left\" style=\"margin-top:-13px; margin-bottom:1em;text-align:left;\">Descriptif des cours :<\/h3><div class=\"sc_accordion\" data-active=\"0\"><div class=\"sc_accordion_item odd first\"><h5 class=\"sc_accordion_title\"><span class=\"sc_accordion_icon sc_accordion_icon_closed icon-down-dir\"><\/span><span class=\"sc_accordion_icon sc_accordion_icon_opened icon-up-dir\"><\/span>WOD : Work Of the Day<\/h5><div class=\"sc_accordion_content\">[vc_column_text]<\/p>\n<p class=\"p1\">Que vous soyez d\u00e9butant ou confirm\u00e9 ce cours est adapt\u00e9 \u00e0 tous !<br \/>\ncours d&#8217;une heure compos\u00e9 : d&#8217;un \u00e9chauffement complet, d&#8217;une partie technique sur un mouvement d&#8217;halt\u00e9ro, gymnastique ou cardio et d&#8217;une partie \u00e0 haute intensit\u00e9<\/p>\n<p>[\/vc_column_text]<\/div><\/div><div class=\"sc_accordion_item even\"><h5 class=\"sc_accordion_title\"><span class=\"sc_accordion_icon sc_accordion_icon_closed icon-down-dir\"><\/span><span class=\"sc_accordion_icon sc_accordion_icon_opened icon-up-dir\"><\/span>Conditionnement m\u00e9tabolique<\/h5><div class=\"sc_accordion_content\">[vc_column_text]<\/p>\n<p class=\"p1\">S\u00e9ance id\u00e9ale pour d\u00e9velopper la capacit\u00e9 cardio \u2013 pulmonaire, avec des s\u00e9ances de fractionn\u00e9 \u00e0 haute intensit\u00e9 ou endurance \u00e0 basse intensit\u00e9<\/p>\n<p>[\/vc_column_text]<\/div><\/div><div id=\"sc_accordion_item_1676283004497_0\" class=\"sc_accordion_item odd\"><h5 class=\"sc_accordion_title\"><span class=\"sc_accordion_icon sc_accordion_icon_closed icon-down-dir\"><\/span><span class=\"sc_accordion_icon sc_accordion_icon_opened icon-up-dir\"><\/span>WOD PARTNER<\/h5><div class=\"sc_accordion_content\">[vc_column_text]<\/p>\n<p class=\"p1\">Wod en \u00e9quipe de 1, 2 ou plus !<\/p>\n<p>[\/vc_column_text]<\/div><\/div><div id=\"sc_accordion_item_1676283097907_6\" class=\"sc_accordion_item even\"><h5 class=\"sc_accordion_title\"><span class=\"sc_accordion_icon sc_accordion_icon_closed icon-down-dir\"><\/span><span class=\"sc_accordion_icon sc_accordion_icon_opened icon-up-dir\"><\/span>FREE ACCESS<\/h5><div class=\"sc_accordion_content\">[vc_column_text]<\/p>\n<div class=\"page\" title=\"Page 1\">\n<div class=\"layoutArea\">\n<div class=\"column\">\n<p class=\"p1\">Entrainement en libre, des programmes pour am\u00e9liorer le renfo, le cardio et le gainage sont \u00e0 disposition, les coach sont l\u00e0 pour vous guider<\/p>\n<\/div>\n<\/div>\n<\/div>\n<p>[\/vc_column_text]<\/div><\/div><div id=\"sc_accordion_item_1676283178037_2\" class=\"sc_accordion_item odd\"><h5 class=\"sc_accordion_title\"><span class=\"sc_accordion_icon sc_accordion_icon_closed icon-down-dir\"><\/span><span class=\"sc_accordion_icon sc_accordion_icon_opened icon-up-dir\"><\/span>HALTERO<\/h5><div class=\"sc_accordion_content\">[vc_column_text]<\/p>\n<div class=\"page\" title=\"Page 1\">\n<div class=\"layoutArea\">\n<div class=\"column\">\n<p class=\"p1\">Ce cours vous permettra de travailler et conna\u00eetre \u00e0 fond tous les secrets de l&#8217;halt\u00e9rophilie.<\/p>\n<\/div>\n<\/div>\n<\/div>\n<p>[\/vc_column_text]<\/div><\/div><\/div>[vc_empty_space][\/vc_column][\/vc_row][vc_row full_width=&#8221;stretch_row&#8221;][vc_column][vc_empty_space][vc_btn title=&#8221;Je r\u00e9serve ma premi\u00e8re s\u00e9ance gratuite ici !&#8221; color=&#8221;orange&#8221; size=&#8221;lg&#8221; align=&#8221;center&#8221; css_animation=&#8221;bounceIn&#8221; button_block=&#8221;true&#8221; link=&#8221;url:https%3A%2F%2Fcrossfitlabattoir.fr%2Findex.php%2Freservez%2F|title:R%C3%A9servez&#8221;][vc_empty_space][\/vc_column][\/vc_row]<\/p>\n","protected":false},"excerpt":{"rendered":"<p>[vc_row full_width=&#8221;stretch_row&#8221;][vc_column][\/vc_column][\/vc_row][vc_row full_width=&#8221;stretch_row&#8221;][vc_column][vc_empty_space][vc_btn title=&#8221;Je r\u00e9serve ma premi\u00e8re s\u00e9ance gratuite ici !&#8221; color=&#8221;orange&#8221; size=&#8221;lg&#8221; align=&#8221;center&#8221; css_animation=&#8221;bounceIn&#8221; button_block=&#8221;true&#8221; link=&#8221;url:https%3A%2F%2Fcrossfitlabattoir.fr%2Findex.php%2Freservez%2F|title:R%C3%A9servez&#8221;][vc_empty_space][\/vc_column][\/vc_row][vc_row full_width=&#8221;stretch_row&#8221;][vc_column][vc_empty_space][vc_empty_space][\/vc_column][\/vc_row][vc_row full_width=&#8221;stretch_row&#8221;][vc_column][vc_empty_space][vc_btn title=&#8221;Je r\u00e9serve ma premi\u00e8re s\u00e9ance gratuite ici !&#8221; color=&#8221;orange&#8221; size=&#8221;lg&#8221; align=&#8221;center&#8221; css_animation=&#8221;bounceIn&#8221; button_block=&#8221;true&#8221; link=&#8221;url:https%3A%2F%2Fcrossfitlabattoir.fr%2Findex.php%2Freservez%2F|title:R%C3%A9servez&#8221;][vc_empty_space][\/vc_column][\/vc_row]<\/p>\n","protected":false},"author":1,"featured_media":0,"parent":0,"menu_order":0,"comment_status":"closed","ping_status":"closed","template":"","meta":{"footnotes":""},"class_list":["post-55","page","type-page","status-publish","hentry"],"_links":{"self":[{"href":"https:\/\/crossfitlabattoir.fr\/index.php\/wp-json\/wp\/v2\/pages\/55","targetHints":{"allow":["GET"]}}],"collection":[{"href":"https:\/\/crossfitlabattoir.fr\/index.php\/wp-json\/wp\/v2\/pages"}],"about":[{"href":"https:\/\/crossfitlabattoir.fr\/index.php\/wp-json\/wp\/v2\/types\/page"}],"author":[{"embeddable":true,"href":"https:\/\/crossfitlabattoir.fr\/index.php\/wp-json\/wp\/v2\/users\/1"}],"replies":[{"embeddable":true,"href":"https:\/\/crossfitlabattoir.fr\/index.php\/wp-json\/wp\/v2\/comments?post=55"}],"version-history":[{"count":28,"href":"https:\/\/crossfitlabattoir.fr\/index.php\/wp-json\/wp\/v2\/pages\/55\/revisions"}],"predecessor-version":[{"id":417,"href":"https:\/\/crossfitlabattoir.fr\/index.php\/wp-json\/wp\/v2\/pages\/55\/revisions\/417"}],"wp:attachment":[{"href":"https:\/\/crossfitlabattoir.fr\/index.php\/wp-json\/wp\/v2\/media?parent=55"}],"curies":[{"name":"wp","href":"https:\/\/api.w.org\/{rel}","templated":true}]}}